{"id":354,"date":"2013-03-23T21:08:20","date_gmt":"2013-03-23T19:08:20","guid":{"rendered":"http:\/\/epeka.org.tr\/?page_id=354"},"modified":"2019-07-08T09:58:22","modified_gmt":"2019-07-08T06:58:22","slug":"sos-roportajlari","status":"publish","type":"page","link":"https:\/\/epeka.org.tr\/en\/ana-sayfa\/sos-roportajlari\/","title":{"rendered":"SOS r\u00f6portajlar\u0131"},"content":{"rendered":"<p>Save Our Surroundings &#8211; SOS \/ \u00c7evremizi Koruyal\u0131m projemizde yerli halka n\u00fckleer santraller hakk\u0131nda yapt\u0131\u011f\u0131m\u0131z r\u00f6portajlar\u0131 buradan izleyebilirsiniz.<\/p>\n<p><iframe loading=\"lazy\" src=\"http:\/\/www.youtube.com\/embed\/utY07TPHwUE?list=UU6nZxNVVPHTrwYM96OhePzA\" width=\"560\" height=\"315\" frameborder=\"0\" allowfullscreen=\"allowfullscreen\"><\/iframe><\/p>\n","protected":false},"excerpt":{"rendered":"<p>Save Our Surroundings &#8211; SOS \/ \u00c7evremizi Koruyal\u0131m projemizde yerli halka n\u00fckleer santraller hakk\u0131nda yapt\u0131\u011f\u0131m\u0131z r\u00f6portajlar\u0131 buradan izleyebilirsiniz.<\/p>\n","protected":false},"author":1,"featured_media":0,"parent":70,"menu_order":0,"comment_status":"open","ping_status":"open","template":"","meta":{"footnotes":""},"_links":{"self":[{"href":"https:\/\/epeka.org.tr\/en\/wp-json\/wp\/v2\/pages\/354"}],"collection":[{"href":"https:\/\/epeka.org.tr\/en\/wp-json\/wp\/v2\/pages"}],"about":[{"href":"https:\/\/epeka.org.tr\/en\/wp-json\/wp\/v2\/types\/page"}],"author":[{"embeddable":true,"href":"https:\/\/epeka.org.tr\/en\/wp-json\/wp\/v2\/users\/1"}],"replies":[{"embeddable":true,"href":"https:\/\/epeka.org.tr\/en\/wp-json\/wp\/v2\/comments?post=354"}],"version-history":[{"count":2,"href":"https:\/\/epeka.org.tr\/en\/wp-json\/wp\/v2\/pages\/354\/revisions"}],"predecessor-version":[{"id":3481,"href":"https:\/\/epeka.org.tr\/en\/wp-json\/wp\/v2\/pages\/354\/revisions\/3481"}],"up":[{"embeddable":true,"href":"https:\/\/epeka.org.tr\/en\/wp-json\/wp\/v2\/pages\/70"}],"wp:attachment":[{"href":"https:\/\/epeka.org.tr\/en\/wp-json\/wp\/v2\/media?parent=354"}],"curies":[{"name":"wp","href":"https:\/\/api.w.org\/{rel}","templated":true}]}}