{"id":70,"date":"2012-08-16T11:56:13","date_gmt":"2012-08-16T08:56:13","guid":{"rendered":"http:\/\/epeka.org.tr\/?page_id=70"},"modified":"2016-08-01T19:03:44","modified_gmt":"2016-08-01T16:03:44","slug":"ana-sayfa","status":"publish","type":"page","link":"https:\/\/epeka.org.tr\/en\/","title":{"rendered":"Home Page"},"content":{"rendered":"<div class=\"stunning-text-wrapper\">\n<h3 class=\"widgettitle\" style=\"text-align: center;\">E\u011fitim Programlar\u0131 ve Evrensel ve K\u00fclt\u00fcrel<br \/>\nAktiviteler Derne\u011fi EPEKA<\/h3>\n<\/div>\n","protected":false},"excerpt":{"rendered":"<p>E\u011fitim Programlar\u0131 ve Evrensel ve K\u00fclt\u00fcrel Aktiviteler Derne\u011fi EPEKA<\/p>\n","protected":false},"author":1,"featured_media":0,"parent":0,"menu_order":1,"comment_status":"open","ping_status":"open","template":"","meta":{"footnotes":""},"_links":{"self":[{"href":"https:\/\/epeka.org.tr\/en\/wp-json\/wp\/v2\/pages\/70"}],"collection":[{"href":"https:\/\/epeka.org.tr\/en\/wp-json\/wp\/v2\/pages"}],"about":[{"href":"https:\/\/epeka.org.tr\/en\/wp-json\/wp\/v2\/types\/page"}],"author":[{"embeddable":true,"href":"https:\/\/epeka.org.tr\/en\/wp-json\/wp\/v2\/users\/1"}],"replies":[{"embeddable":true,"href":"https:\/\/epeka.org.tr\/en\/wp-json\/wp\/v2\/comments?post=70"}],"version-history":[{"count":8,"href":"https:\/\/epeka.org.tr\/en\/wp-json\/wp\/v2\/pages\/70\/revisions"}],"predecessor-version":[{"id":1852,"href":"https:\/\/epeka.org.tr\/en\/wp-json\/wp\/v2\/pages\/70\/revisions\/1852"}],"wp:attachment":[{"href":"https:\/\/epeka.org.tr\/en\/wp-json\/wp\/v2\/media?parent=70"}],"curies":[{"name":"wp","href":"https:\/\/api.w.org\/{rel}","templated":true}]}}